{"id":82,"date":"2014-08-31T11:29:30","date_gmt":"2014-08-31T11:29:30","guid":{"rendered":"http:\/\/weeklynews-wp.mipdesign.com\/?page_id=82"},"modified":"2017-11-02T11:38:10","modified_gmt":"2017-11-02T09:38:10","slug":"contact-us","status":"publish","type":"page","link":"https:\/\/www.vizyon2023.com.tr\/index.php\/contact-us\/","title":{"rendered":"\u0130leti\u015fim"},"content":{"rendered":"<div class=\"wpb-content-wrapper\"><p style=\"text-align: left;\">[vc_row]<\/p>\n<p style=\"text-align: left;\">[vc_column width=&#8221;1\/3&#8243;]<\/p>\n<p style=\"text-align: left;\"><img loading=\"lazy\" class=\"alignnone wp-image-830\" style=\"border-radius: 100px;\" src=\"http:\/\/www.vizyon2023.com.tr\/wp-content\/uploads\/2017\/03\/yuksel_gunes2.jpg\" alt=\"yuksel_gunes\" width=\"250\" height=\"200\" \/><\/p>\n<p style=\"font-size: 16px; text-align: center;\">Sahibi ve Yaz\u0131 \u0130\u015fleri M\u00fcd\u00fcr\u00fc<\/p>\n<p style=\"font-size: 16px; text-align: center;\">Y\u00fcksel G\u00dcNE\u015e<\/p>\n<p style=\"font-size: 16px; text-align: center;\">0532 224 16 07<\/p>\n<p style=\"text-align: center;\">bilgi@vizyon2023.com.tr<\/p>\n<p style=\"text-align: center;\">Adres:\u00a0K\u0131z\u0131l\u0131rmak Mahallesi 1443 Cad. 33\/17 \u00c7ukurambar \/ ANKARA<\/p>\n<p><iframe loading=\"lazy\" style=\"border: 0;\" src=\"https:\/\/www.google.com\/maps\/embed?pb=!1m18!1m12!1m3!1d3060.6380219413863!2d32.809620215835594!3d39.90473597942786!2m3!1f0!2f0!3f0!3m2!1i1024!2i768!4f13.1!3m3!1m2!1s0x14d34f53af82361d%3A0xb1672d72c04581fd!2zS8SxesSxbMSxcm1hayBNYWhhbGxlc2ksIDE0NDMuIENkLiBObzozMywgMDY1MTAgw4dhbmtheWEvQW5rYXJh!5e0!3m2!1str!2str!4v1488802415437\" width=\"800\" height=\"600\" frameborder=\"0\" allowfullscreen=\"allowfullscreen\"><\/iframe><\/p>\n<\/div>","protected":false},"excerpt":{"rendered":"<p>[vc_row] [vc_column width=&#8221;1\/3&#8243;] Sahibi ve Yaz\u0131 \u0130\u015fleri M\u00fcd\u00fcr\u00fc Y\u00fcksel G\u00dcNE\u015e 0532 224 16 07 bilgi@vizyon2023.com.tr Adres:\u00a0K\u0131z\u0131l\u0131rmak Mahallesi 1443 Cad. 33\/17 \u00c7ukurambar \/ ANKARA<\/p>\n","protected":false},"author":1000097,"featured_media":0,"parent":0,"menu_order":5,"comment_status":"open","ping_status":"closed","template":"","meta":[],"_links":{"self":[{"href":"https:\/\/www.vizyon2023.com.tr\/index.php\/wp-json\/wp\/v2\/pages\/82"}],"collection":[{"href":"https:\/\/www.vizyon2023.com.tr\/index.php\/wp-json\/wp\/v2\/pages"}],"about":[{"href":"https:\/\/www.vizyon2023.com.tr\/index.php\/wp-json\/wp\/v2\/types\/page"}],"author":[{"embeddable":true,"href":"https:\/\/www.vizyon2023.com.tr\/index.php\/wp-json\/wp\/v2\/users\/1000097"}],"replies":[{"embeddable":true,"href":"https:\/\/www.vizyon2023.com.tr\/index.php\/wp-json\/wp\/v2\/comments?post=82"}],"version-history":[{"count":22,"href":"https:\/\/www.vizyon2023.com.tr\/index.php\/wp-json\/wp\/v2\/pages\/82\/revisions"}],"predecessor-version":[{"id":1592,"href":"https:\/\/www.vizyon2023.com.tr\/index.php\/wp-json\/wp\/v2\/pages\/82\/revisions\/1592"}],"wp:attachment":[{"href":"https:\/\/www.vizyon2023.com.tr\/index.php\/wp-json\/wp\/v2\/media?parent=82"}],"curies":[{"name":"wp","href":"https:\/\/api.w.org\/{rel}","templated":true}]}}