{"id":697,"date":"2017-03-01T07:23:32","date_gmt":"2017-03-01T05:23:32","guid":{"rendered":"http:\/\/vizyon2023.com.tr\/?page_id=697"},"modified":"2017-03-13T05:07:06","modified_gmt":"2017-03-13T03:07:06","slug":"abonelik","status":"publish","type":"page","link":"https:\/\/www.vizyon2023.com.tr\/index.php\/abonelik\/","title":{"rendered":"ABONEL\u0130K"},"content":{"rendered":"<p style=\"text-align: left;\"><strong>Dergimize abone olmak i\u00e7in<\/strong><\/p>\n<p style=\"text-align: left;\">1-IBAN No&#8217;lu\u00a0hesaba xx TL yat\u0131r\u0131l\u0131r<\/p>\n<p style=\"text-align: left;\">2-Abone Formu \u0130ndirilir ve doldurulur<\/p>\n<p style=\"text-align: left;\">3-Doldurulan Abone Formu ve Yat\u0131r\u0131lan Abonelik \u00dccretinin Dekontu Ankara&#8217;daki adresimize g\u00f6nderilir.<\/p>\n<p style=\"text-align: left;\"><em>*Not: Abonelik en az 12 ay \u00fczerinden yap\u0131lmaktad\u0131r.<\/em><\/p>\n<p style=\"text-align: center;\"><strong>S\u0130YASETTE VE EKONOM\u0130DE V\u0130ZYON 2023 DERG\u0130S\u0130<\/strong><\/p>\n<p style=\"text-align: center;\"><a href=\"http:\/\/www.vizyon2023.com.tr\/wp-content\/uploads\/2017\/03\/abone_form.pdf\"><strong>ABONE FORMUNU \u0130ND\u0130RMEK \u0130\u00c7\u0130N TIKLAYINIZ !!!<\/strong><\/a><\/p>\n<p><a href=\"http:\/\/www.vizyon2023.com.tr\/wp-content\/uploads\/2017\/03\/abone_form.pdf\"><img loading=\"lazy\" class=\" wp-image-1060 aligncenter\" src=\"http:\/\/www.vizyon2023.com.tr\/wp-content\/uploads\/2017\/03\/abone_formu.jpg\" alt=\"abone_formu\" width=\"717\" height=\"845\" \/><\/a><\/p>\n","protected":false},"excerpt":{"rendered":"<p>Dergimize abone olmak i\u00e7in 1-IBAN No&#8217;lu\u00a0hesaba xx TL yat\u0131r\u0131l\u0131r 2-Abone Formu \u0130ndirilir ve doldurulur 3-Doldurulan Abone Formu ve Yat\u0131r\u0131lan Abonelik \u00dccretinin Dekontu Ankara&#8217;daki adresimize g\u00f6nderilir. *Not: Abonelik en az 12 ay \u00fczerinden yap\u0131lmaktad\u0131r. S\u0130YASETTE VE EKONOM\u0130DE V\u0130ZYON 2023 DERG\u0130S\u0130 ABONE FORMUNU \u0130ND\u0130RMEK \u0130\u00c7\u0130N TIKLAYINIZ !!!<\/p>\n","protected":false},"author":1000097,"featured_media":0,"parent":0,"menu_order":0,"comment_status":"closed","ping_status":"closed","template":"","meta":[],"_links":{"self":[{"href":"https:\/\/www.vizyon2023.com.tr\/index.php\/wp-json\/wp\/v2\/pages\/697"}],"collection":[{"href":"https:\/\/www.vizyon2023.com.tr\/index.php\/wp-json\/wp\/v2\/pages"}],"about":[{"href":"https:\/\/www.vizyon2023.com.tr\/index.php\/wp-json\/wp\/v2\/types\/page"}],"author":[{"embeddable":true,"href":"https:\/\/www.vizyon2023.com.tr\/index.php\/wp-json\/wp\/v2\/users\/1000097"}],"replies":[{"embeddable":true,"href":"https:\/\/www.vizyon2023.com.tr\/index.php\/wp-json\/wp\/v2\/comments?post=697"}],"version-history":[{"count":5,"href":"https:\/\/www.vizyon2023.com.tr\/index.php\/wp-json\/wp\/v2\/pages\/697\/revisions"}],"predecessor-version":[{"id":1065,"href":"https:\/\/www.vizyon2023.com.tr\/index.php\/wp-json\/wp\/v2\/pages\/697\/revisions\/1065"}],"wp:attachment":[{"href":"https:\/\/www.vizyon2023.com.tr\/index.php\/wp-json\/wp\/v2\/media?parent=697"}],"curies":[{"name":"wp","href":"https:\/\/api.w.org\/{rel}","templated":true}]}}