{"id":689,"date":"2017-03-01T07:14:50","date_gmt":"2017-03-01T05:14:50","guid":{"rendered":"http:\/\/vizyon2023.com.tr\/?page_id=689"},"modified":"2018-02-22T14:27:23","modified_gmt":"2018-02-22T12:27:23","slug":"hakkimizda","status":"publish","type":"page","link":"https:\/\/www.vizyon2023.com.tr\/index.php\/hakkimizda\/","title":{"rendered":"Hakk\u0131m\u0131zda"},"content":{"rendered":"<div class=\"wpb-content-wrapper\"><p>Ekonomi ve Siyasetin nabz\u0131n\u0131 tutan <strong>Siyasette ve Ekonomide\u00a0Vizyon 2023<\/strong> dergisi\u00a0Ekim 2011 tarihinde yay\u0131n hayat\u0131na ba\u015flad\u0131.<\/p>\n<p>DO\u011eSAD (Do\u011fu Anadolu B\u00f6lgesi K\u00fclt\u00fcr Sanat Dostluk Sa\u011fl\u0131k Bas\u0131n Yay\u0131n Sanayi Ticaret \u0130\u015f Birli\u011fi Derne\u011fi) ad\u0131na \u00e7\u0131kart\u0131lan dergimiz k\u0131sa s\u00fcrede \u00a0kendini geli\u015ftirerek 6..y\u0131la yak\u0131n s\u00fcrede 55. say\u0131ya ula\u015fm\u0131\u015ft\u0131r.<\/p>\n<p>Siyasette ve Ekonomide 2023 hedeflerine ula\u015fmakta katk\u0131da bulunarak yay\u0131n hayat\u0131na devam etmektedir.<\/p>\n<p>Dergimizde genelde siyasi,iktisadi ve sosyal boyutlu olaylara ili\u015fkin ara\u015ft\u0131rma ve de\u011ferlendirme yorum, d\u00fc\u015f\u00fcnce, bilimsel edebi yaz\u0131lar yer almaktad\u0131r.<\/p>\n<p>&nbsp;<\/p>\n<p style=\"text-align: center;\"><strong>Bask\u0131<\/strong><\/p>\n<p style=\"text-align: center;\">\u0130lk say\u0131 &#8211; Ekim 2011 &amp; \u00a055. Say\u0131 \u015eubat 2017<\/p>\n<p style=\"text-align: center;\"><strong>DO\u011eSAD<\/strong><\/p>\n<p style=\"text-align: center;\">Do\u011fu Anadolu B\u00f6lgesi K\u00fclt\u00fcr Sanat<\/p>\n<p style=\"text-align: center;\">Dostluk Sa\u011fl\u0131k Bas\u0131n Yay\u0131n Sanayi Ticaret<\/p>\n<p style=\"text-align: center;\">\u0130\u015f Birli\u011fi Derne\u011fi Ad\u0131na<\/p>\n<p style=\"text-align: center;\">|[vc_row]<\/p>\n<p style=\"text-align: center;\"><img loading=\"lazy\" class=\"wp-image-830 alignleft\" style=\"border-radius: 100px;\" src=\"http:\/\/www.vizyon2023.com.tr\/wp-content\/uploads\/2017\/03\/yuksel_gunes2.jpg\" alt=\"yuksel_gunes\" width=\"250\" height=\"200\" \/><\/p>\n<p>&nbsp;<\/p>\n<p style=\"font-size: 20px; text-align: left;\">\u0130mtiyaz Sahibi ve Yaz\u0131 \u0130\u015fleri M\u00fcd\u00fcr\u00fc<\/p>\n<p style=\"font-size: 30px; text-align: left;\">Y\u00fcksel G\u00dcNE\u015e<\/p>\n<p style=\"text-align: left;\">bilgi@vizyon2023.com.tr<\/p>\n<p style=\"text-align: left;\">|[\/vc_row][vc_row]<\/p>\n<p>&nbsp;<\/p>\n<p style=\"text-align: left;\">\u00a0 \u00a0 \u00a0 \u00a0 \u00a0 \u00a0 \u00a0 \u00a0 \u00a0 \u00a0 \u00a0 \u00a0 \u00a0 \u00a0 \u00a0 \u00a0 \u00a0 \u00a0 \u00a0 \u00a0 \u00a0 \u00a0 \u00a0 \u00a0 \u00a0 \u00a0 \u00a0 \u00a0 \u00a0 \u00a0 \u00a0 \u00a0 \u00a0 \u00a0 \u00a0 \u00a0 \u00a0 \u00a0 \u00a0 \u00a0 \u00a0 \u00a0\u00a0<strong>Genel Yay\u0131n Y\u00f6netmeni<\/strong><\/p>\n<p style=\"text-align: left;\">\u00a0 \u00a0 \u00a0 \u00a0 \u00a0 \u00a0 \u00a0 \u00a0 \u00a0 \u00a0 \u00a0 \u00a0 \u00a0 \u00a0 \u00a0 \u00a0 \u00a0 \u00a0 \u00a0 \u00a0 \u00a0 \u00a0 \u00a0 \u00a0 \u00a0 \u00a0 \u00a0 \u00a0 \u00a0 \u00a0 \u00a0 \u00a0 \u00a0 \u00a0 \u00a0 \u00a0 \u00a0 \u00a0 \u00a0 \u00a0 \u00a0 \u00a0&#8211;<\/p>\n<p style=\"text-align: center;\"><strong><br \/>\n<\/strong><strong>Yay\u0131n Kurulu Ba\u015fkan\u0131<\/strong><\/p>\n<p style=\"text-align: center;\">\n<p style=\"text-align: center;\"><strong>Yay\u0131n Kurulu<\/strong><\/p>\n<p style=\"text-align: center;\"><em>Prof. Dr. Salih AYNURAL \/ <\/em><em>\u0130stanbul Rumeli \u00dcniversitesi Rekt\u00f6r\u00fc<\/em><\/p>\n<p style=\"text-align: center;\"><em>Prof. Dr. Haluk ALKAN \/ <\/em><em>\u0130stanbul \u00dcniversitesi \u0130ktisat Fak\u00fcltesi Dekan\u0131<\/em><\/p>\n<p style=\"text-align: center;\"><em>Prof. Dr. MET\u0130N USTA \/ <\/em><em>Gebze Teknik \u00dcniversitesi Malzeme B\u00f6l\u00fcm\u00fc &#8211; T\u00fcbitak Mam Malzeme Enstit\u00fcs\u00fc M\u00fcd\u00fcr\u00fc<\/em><\/p>\n<p style=\"text-align: center;\"><em>Prof. Dr. M. Hakan HOCAO\u011eLU \/ <\/em><em>Gebze Teknik \u00dcniversitesi Elektronik M\u00fchendisli\u011fi B\u00f6l\u00fcm\u00fc<\/em><\/p>\n<p style=\"text-align: center;\"><em>Prof. Dr. Muhittin KAPLAN \/ <\/em><em>\u0130stanbul \u00dcniversitesi \u0130ngilizce \u0130ktisat B\u00f6l\u00fcm Ba\u015fkan\u0131<\/em><\/p>\n<p style=\"text-align: center;\"><em>Do\u00e7.Dr. LEVENT \u015eAH\u0130N \/ <\/em><em>\u0130stanbul \u00dcniversitesi \u0130ktisat Fak\u00fcltesi \u00c7al\u0131\u015fma Ekonomisi B\u00f6l\u00fcm\u00fc-Auzef Dekan Yard\u0131mc\u0131s\u0131<\/em><\/p>\n<p style=\"text-align: center;\"><strong>Dan\u0131\u015fma Kurulu<\/strong><\/p>\n<p style=\"text-align: center;\"><em>Prof.Dr Fuat ERDAL \/ <\/em><em>\u0130bni Haldun \u00dcniversitesi \u00d6\u011fretim \u00dcyesi<\/em><\/p>\n<p style=\"text-align: center;\"><em>Prof.Dr Ekrem TATO\u011eLU \/ <\/em><em>Bah\u00e7e\u015fehir \u00dcniversitesi \u00d6\u011fretim \u00dcyesi<\/em><\/p>\n<p style=\"text-align: center;\"><em>Prof.Dr Selim ZA\u0130M\/ <\/em><em>\u0130stanbul Teknik \u00dcniversitesi \u00d6\u011fretim \u00dcyesi<\/em><\/p>\n<p style=\"text-align: center;\"><em>Prof.Dr L\u00fctfihak ALPKAN \/ <\/em><em>\u0130stanbul Teknik \u00dcniversitesi \u00d6\u011fretim \u00dcyesi<\/em><\/p>\n<p style=\"text-align: center;\"><em>Prof.Dr Hamdi \u015e\u00fck\u00fcr KILI\u00c7\/ <\/em><em>Sel\u00e7uk \u00dcniversitesi \u00d6\u011fretim \u00dcyesi<\/em><\/p>\n<p style=\"text-align: center;\"><em>Prof.Dr Kemal AYDIN \/ <\/em><em>Sel\u00e7uk \u00dcniversitesi \u00d6\u011fretim \u00dcyesi<\/em><\/p>\n<p style=\"text-align: center;\"><em>Prof.Dr Mehmet Engin DEN\u0130Z \/ <\/em><em>Y\u0131ld\u0131z Teknik \u00dcniversitesi \u00d6\u011fretim \u00dcyesi<\/em><\/p>\n<p style=\"text-align: center;\"><em>Prof.Dr Harun DEM\u0130RKAYA \/ <\/em><em>Kocaeli \u00dcniversitesi \u00d6\u011fretim \u00dcyesi<\/em><\/p>\n<p style=\"text-align: center;\"><em>Do\u00e7.Dr Tekin YEKEN \/ <\/em><em>Kocaeli \u00dcniversitesi \u00d6\u011fretim \u00dcyesi<\/em><\/p>\n<p style=\"text-align: center;\"><em>Do\u00e7.Dr Ercan SARIDO\u011eAN \/ <\/em><em>\u0130stanbul \u00dcniversitesi \u00d6\u011fretim \u00dcyesi<\/em><\/p>\n<p style=\"text-align: center;\"><strong>Hukuk M\u00fc\u015faviri<\/strong><\/p>\n<p style=\"text-align: center;\"><em>Av. Celal TA\u015eTAN<\/em><\/p>\n<p style=\"text-align: center;\"><strong>Y\u00f6netim Kurulu Ba\u015fkan\u0131<\/strong><\/p>\n<p style=\"text-align: center;\">Y\u00fcksel G\u00dcNE\u015e<\/p>\n<p style=\"text-align: center;\"><strong>Ba\u015fkan Yrd.<\/strong><\/p>\n<p style=\"text-align: center;\">Mustafa \u00d6ZT\u00dcRKMEN<\/p>\n<p style=\"text-align: center;\">Bedrullah EROL<\/p>\n<p style=\"text-align: center;\">Oben YARAR<\/p>\n<p style=\"text-align: center;\">Hidayet BAY<\/p>\n<p style=\"text-align: center;\">Ayhan \u015eENG\u00dcL<\/p>\n<p style=\"text-align: center;\"><strong>Bas\u0131n Reklam ve Halkla \u0130li\u015fkiler Koordinat\u00f6r\u00fc<\/strong><\/p>\n<p style=\"text-align: center;\">Tuba AK\u00c7\u0130\u00c7EK<\/p>\n<p style=\"text-align: center;\">Filiz AKG\u00dcL<\/p>\n<p style=\"text-align: center;\"><strong>Bas\u0131n Reklam ve Halkla \u0130li\u015fkiler \u0130stanbul Koordinat\u00f6r\u00fc<\/strong><\/p>\n<p style=\"text-align: center;\">Af\u015fin Kerim KAYA<\/p>\n<p style=\"text-align: center;\"><strong>Muhabirler<\/strong><\/p>\n<p style=\"text-align: center;\">Mustafa \u00d6ZT\u00dcRKMEN<\/p>\n<p style=\"text-align: center;\">Miray Aleyna G\u00dcNE\u015e<\/p>\n<p style=\"text-align: center;\">Mehmet C\u00fcneyt YILDIZ<\/p>\n<p style=\"text-align: center;\"><strong>\u0130dari Merkez<\/strong><\/p>\n<p style=\"text-align: center;\"><em>K\u0131z\u0131l\u0131rmak mah. 1443 cad. 33\/17 \u00c7ukurambar \/ ANKARA<\/em><\/p>\n<p style=\"text-align: center;\">0532 224 16 07<\/p>\n<p style=\"text-align: center;\">www.vizyon2023.com.tr<\/p>\n<p style=\"text-align: center;\">bilgi@vizyon2023.com.tr<\/p>\n<p style=\"text-align: center;\"><strong>Bask\u0131<\/strong><\/p>\n<p style=\"text-align: center;\"><em>Uzerler Matbaac\u0131l\u0131k Ltd. \u015eti.<\/em><\/p>\n<p style=\"text-align: center;\">Turan G\u00fcne\u015f Bulv. 22\/17-26 \u00c7ankaya \/ANKARA<\/p>\n<p style=\"text-align: center;\">tel: 0312 442 62 14 fax: 0312 442 62 15<\/p>\n<p style=\"text-align: center;\">www.uzerler.com<\/p>\n<p style=\"text-align: center;\">uzerler@uzerler.com<\/p>\n<\/div>","protected":false},"excerpt":{"rendered":"<p>Ekonomi ve Siyasetin nabz\u0131n\u0131 tutan Siyasette ve Ekonomide\u00a0Vizyon 2023 dergisi\u00a0Ekim 2011 tarihinde yay\u0131n hayat\u0131na ba\u015flad\u0131. DO\u011eSAD (Do\u011fu Anadolu B\u00f6lgesi K\u00fclt\u00fcr Sanat Dostluk Sa\u011fl\u0131k Bas\u0131n Yay\u0131n Sanayi Ticaret \u0130\u015f Birli\u011fi Derne\u011fi) ad\u0131na \u00e7\u0131kart\u0131lan dergimiz k\u0131sa s\u00fcrede \u00a0kendini geli\u015ftirerek 6..y\u0131la yak\u0131n s\u00fcrede 55. say\u0131ya ula\u015fm\u0131\u015ft\u0131r. Siyasette ve Ekonomide 2023 hedeflerine ula\u015fmakta katk\u0131da bulunarak yay\u0131n hayat\u0131na devam etmektedir. [&hellip;]<\/p>\n","protected":false},"author":1000097,"featured_media":0,"parent":0,"menu_order":0,"comment_status":"closed","ping_status":"closed","template":"","meta":[],"_links":{"self":[{"href":"https:\/\/www.vizyon2023.com.tr\/index.php\/wp-json\/wp\/v2\/pages\/689"}],"collection":[{"href":"https:\/\/www.vizyon2023.com.tr\/index.php\/wp-json\/wp\/v2\/pages"}],"about":[{"href":"https:\/\/www.vizyon2023.com.tr\/index.php\/wp-json\/wp\/v2\/types\/page"}],"author":[{"embeddable":true,"href":"https:\/\/www.vizyon2023.com.tr\/index.php\/wp-json\/wp\/v2\/users\/1000097"}],"replies":[{"embeddable":true,"href":"https:\/\/www.vizyon2023.com.tr\/index.php\/wp-json\/wp\/v2\/comments?post=689"}],"version-history":[{"count":51,"href":"https:\/\/www.vizyon2023.com.tr\/index.php\/wp-json\/wp\/v2\/pages\/689\/revisions"}],"predecessor-version":[{"id":2660,"href":"https:\/\/www.vizyon2023.com.tr\/index.php\/wp-json\/wp\/v2\/pages\/689\/revisions\/2660"}],"wp:attachment":[{"href":"https:\/\/www.vizyon2023.com.tr\/index.php\/wp-json\/wp\/v2\/media?parent=689"}],"curies":[{"name":"wp","href":"https:\/\/api.w.org\/{rel}","templated":true}]}}