{"id":6,"date":"2016-05-31T12:07:19","date_gmt":"2016-05-31T09:07:19","guid":{"rendered":"http:\/\/alfadestek.com\/vizyon2023\/kose-yazarlari\/"},"modified":"2019-05-17T21:18:58","modified_gmt":"2019-05-17T18:18:58","slug":"kose-yazarlari","status":"publish","type":"page","link":"https:\/\/www.vizyon2023.com.tr\/index.php\/kose-yazarlari\/","title":{"rendered":"K\u00f6\u015fe Yazarlar\u0131"},"content":{"rendered":"<p>&nbsp;<\/p>\n<p style=\"text-align: center;\"><img loading=\"lazy\" class=\" wp-image-3393 aligncenter\" src=\"http:\/\/www.vizyon2023.com.tr\/wp-content\/uploads\/2019\/05\/sureyya_gungor-265x160.jpg\" alt=\"\" width=\"310\" height=\"187\" \/><\/p>\n<p style=\"text-align: center;\">S\u00fcreyya G\u00dcNG\u00d6R<\/p>\n<p style=\"text-align: center;\">Genel Yay\u0131n Y\u00f6netmeni<\/p>\n<p style=\"text-align: center;\">sryygngr@vizyon2023.com<\/p>\n<p style=\"text-align: center;\"><img loading=\"lazy\" class=\"alignnone size-medium wp-image-1795\" src=\"http:\/\/www.vizyon2023.com.tr\/wp-content\/uploads\/2017\/11\/Hakan-Soygur1.png\" alt=\"Hakan-Soygur1\" width=\"200\" height=\"270\" \/><\/p>\n<p style=\"text-align: center;\"><strong>Dr. Hakan SOYG\u00dcR<\/strong><\/p>\n<p style=\"text-align: center;\"><strong>WWW.hakansoyg\u00fcr.com<\/strong><\/p>\n","protected":false},"excerpt":{"rendered":"<p>&nbsp; S\u00fcreyya G\u00dcNG\u00d6R Genel Yay\u0131n Y\u00f6netmeni sryygngr@vizyon2023.com Dr. Hakan SOYG\u00dcR WWW.hakansoyg\u00fcr.com<\/p>\n","protected":false},"author":1000097,"featured_media":0,"parent":0,"menu_order":0,"comment_status":"closed","ping_status":"closed","template":"template-author-team.php","meta":[],"_links":{"self":[{"href":"https:\/\/www.vizyon2023.com.tr\/index.php\/wp-json\/wp\/v2\/pages\/6"}],"collection":[{"href":"https:\/\/www.vizyon2023.com.tr\/index.php\/wp-json\/wp\/v2\/pages"}],"about":[{"href":"https:\/\/www.vizyon2023.com.tr\/index.php\/wp-json\/wp\/v2\/types\/page"}],"author":[{"embeddable":true,"href":"https:\/\/www.vizyon2023.com.tr\/index.php\/wp-json\/wp\/v2\/users\/1000097"}],"replies":[{"embeddable":true,"href":"https:\/\/www.vizyon2023.com.tr\/index.php\/wp-json\/wp\/v2\/comments?post=6"}],"version-history":[{"count":8,"href":"https:\/\/www.vizyon2023.com.tr\/index.php\/wp-json\/wp\/v2\/pages\/6\/revisions"}],"predecessor-version":[{"id":3395,"href":"https:\/\/www.vizyon2023.com.tr\/index.php\/wp-json\/wp\/v2\/pages\/6\/revisions\/3395"}],"wp:attachment":[{"href":"https:\/\/www.vizyon2023.com.tr\/index.php\/wp-json\/wp\/v2\/media?parent=6"}],"curies":[{"name":"wp","href":"https:\/\/api.w.org\/{rel}","templated":true}]}}