{"id":14,"date":"2016-05-31T12:24:08","date_gmt":"2016-05-31T09:24:08","guid":{"rendered":"http:\/\/alfadestek.com\/vizyon2023\/tum-yazarlar\/"},"modified":"2019-05-17T21:21:06","modified_gmt":"2019-05-17T18:21:06","slug":"tum-yazarlar","status":"publish","type":"page","link":"https:\/\/www.vizyon2023.com.tr\/index.php\/tum-yazarlar\/","title":{"rendered":"T\u00fcm Yazarlar"},"content":{"rendered":"<p>&nbsp;<\/p>\n<p style=\"text-align: center;\"><img loading=\"lazy\" class=\"alignnone size-medium wp-image-3393\" src=\"http:\/\/www.vizyon2023.com.tr\/wp-content\/uploads\/2019\/05\/sureyya_gungor-265x160.jpg\" alt=\"\" width=\"265\" height=\"160\" \/><br \/>\n<strong> Genel Yay\u0131n Y\u00f6netmeni<\/strong><\/p>\n<p style=\"text-align: center;\"><strong>S\u00fcreyya G\u00dcNG\u00d6R<\/strong><\/p>\n<p style=\"text-align: center;\"><strong>sryygngr@vizyon2023.com<\/strong><\/p>\n<p style=\"text-align: center;\"><img loading=\"lazy\" class=\"alignnone size-medium wp-image-1795\" src=\"http:\/\/www.vizyon2023.com.tr\/wp-content\/uploads\/2017\/11\/Hakan-Soygur1.png\" alt=\"Hakan-Soygur1\" width=\"200\" height=\"270\" \/><\/p>\n<p style=\"text-align: center;\"><strong>Dr. Hakan SOYG\u00dcR<\/strong><\/p>\n<p style=\"text-align: center;\"><strong>WWW.hakansoyg\u00fcr.com<\/strong><\/p>\n","protected":false},"excerpt":{"rendered":"<p>&nbsp; Genel Yay\u0131n Y\u00f6netmeni S\u00fcreyya G\u00dcNG\u00d6R sryygngr@vizyon2023.com Dr. Hakan SOYG\u00dcR WWW.hakansoyg\u00fcr.com<\/p>\n","protected":false},"author":1000097,"featured_media":0,"parent":0,"menu_order":0,"comment_status":"closed","ping_status":"closed","template":"","meta":[],"_links":{"self":[{"href":"https:\/\/www.vizyon2023.com.tr\/index.php\/wp-json\/wp\/v2\/pages\/14"}],"collection":[{"href":"https:\/\/www.vizyon2023.com.tr\/index.php\/wp-json\/wp\/v2\/pages"}],"about":[{"href":"https:\/\/www.vizyon2023.com.tr\/index.php\/wp-json\/wp\/v2\/types\/page"}],"author":[{"embeddable":true,"href":"https:\/\/www.vizyon2023.com.tr\/index.php\/wp-json\/wp\/v2\/users\/1000097"}],"replies":[{"embeddable":true,"href":"https:\/\/www.vizyon2023.com.tr\/index.php\/wp-json\/wp\/v2\/comments?post=14"}],"version-history":[{"count":5,"href":"https:\/\/www.vizyon2023.com.tr\/index.php\/wp-json\/wp\/v2\/pages\/14\/revisions"}],"predecessor-version":[{"id":3396,"href":"https:\/\/www.vizyon2023.com.tr\/index.php\/wp-json\/wp\/v2\/pages\/14\/revisions\/3396"}],"wp:attachment":[{"href":"https:\/\/www.vizyon2023.com.tr\/index.php\/wp-json\/wp\/v2\/media?parent=14"}],"curies":[{"name":"wp","href":"https:\/\/api.w.org\/{rel}","templated":true}]}}